{"id":308,"date":"2020-01-13T11:17:52","date_gmt":"2020-01-13T11:17:52","guid":{"rendered":"https:\/\/demosites.io\/web-agency-gb\/?page_id=5"},"modified":"2024-08-24T17:24:56","modified_gmt":"2024-08-24T15:24:56","slug":"accueil","status":"publish","type":"page","link":"https:\/\/lesplacardsdekarine.com\/","title":{"rendered":"Trier, Ranger, Organiser avec une Organisatrice d&rsquo;Int\u00e9rieur | Home Organiser"},"content":{"rendered":"\n<div class=\"wp-block-cover alignfull is-light\" style=\"min-height:367px;aspect-ratio:unset;\"><span aria-hidden=\"true\" class=\"wp-block-cover__background has-background-dim-0 has-background-dim\"><\/span><img loading=\"lazy\" decoding=\"async\" width=\"1050\" height=\"600\" class=\"wp-block-cover__image-background wp-image-343\" alt=\"\" src=\"https:\/\/lesplacardsdekarine.com\/wp-content\/uploads\/2024\/01\/logo-LPK-1.png\" data-object-fit=\"cover\" srcset=\"https:\/\/lesplacardsdekarine.com\/wp-content\/uploads\/2024\/01\/logo-LPK-1.png 1050w, https:\/\/lesplacardsdekarine.com\/wp-content\/uploads\/2024\/01\/logo-LPK-1-300x171.png 300w, https:\/\/lesplacardsdekarine.com\/wp-content\/uploads\/2024\/01\/logo-LPK-1-1024x585.png 1024w, https:\/\/lesplacardsdekarine.com\/wp-content\/uploads\/2024\/01\/logo-LPK-1-768x439.png 768w\" sizes=\"(max-width: 1050px) 100vw, 1050px\" \/><div class=\"wp-block-cover__inner-container is-layout-flow wp-block-cover-is-layout-flow\">\n<h1 class=\"wp-block-heading has-text-align-center animated fadeIn has-text-color\" style=\"color:#121212\">\u00ab\u00a0Trier, Ranger, Organiser\u00a0\u00bb<\/h1>\n\n\n\n<p class=\"has-text-align-center has-text-color\" style=\"color:#121212;font-size:17px\">En tant qu&rsquo;<strong>organisatrice d&rsquo;int\u00e9rieur<\/strong>, appel\u00e9 aussi <strong>home organiser<\/strong>, je m&rsquo;engage \u00e0 vous accompagner dans le <strong>tri et le rangement<\/strong> de vos espaces afin d&rsquo;en faire des lieux harmonieux et fonctionnels. Experte dans ce domaine, je vous propose des <strong>m\u00e9thodes d&rsquo;organisation<\/strong> sur mesure pour <strong>d\u00e9sencombrer <\/strong>chaque recoin, supprimant ainsi de votre vie de ces <strong>int\u00e9rieurs surcharg\u00e9s<\/strong> et cr\u00e9ant de nouveaux <strong>espaces all\u00e9g\u00e9s<\/strong> o\u00f9 ma devise prendra tout son sens:<\/p>\n\n\n\n<p class=\"has-text-align-center has-text-color\" style=\"color:#121212;font-size:17px\">\u00ab\u00a0Une place pour chaque chose et chaque chose \u00e0 sa place\u00a0\u00bb<\/p>\n<\/div><\/div>\n\n\n\n<div class=\"wp-block-cover alignfull\" style=\"min-height:600px;aspect-ratio:unset;\"><span aria-hidden=\"true\" class=\"wp-block-cover__background has-nv-site-bg-background-color has-background-dim-100 has-background-dim\"><\/span><div class=\"wp-block-cover__inner-container is-layout-flow wp-block-cover-is-layout-flow\">\n<div class=\"wp-block-group\"><div class=\"wp-block-group__inner-container is-layout-flow wp-block-group-is-layout-flow\">\n<div style=\"height:80px\" aria-hidden=\"true\" class=\"wp-block-spacer\"><\/div>\n\n\n\n<div class=\"wp-block-columns are-vertically-aligned-center has-nv-text-dark-bg-background-color has-background is-layout-flex wp-container-core-columns-is-layout-1 wp-block-columns-is-layout-flex\">\n<div class=\"wp-block-column is-vertically-aligned-center is-layout-flow wp-block-column-is-layout-flow\" style=\"flex-basis:50%\">\n<figure class=\"wp-block-image size-large\"><img loading=\"lazy\" decoding=\"async\" width=\"724\" height=\"1024\" src=\"http:\/\/lesplacardsdekarine.com\/wp-content\/uploads\/2024\/08\/boite-de-rangement-724x1024.webp\" alt=\"Les Placards de Karine - Home Organiser Bordeaux - Organisatrice d'int\u00e9rieur\" class=\"wp-image-837\" srcset=\"https:\/\/lesplacardsdekarine.com\/wp-content\/uploads\/2024\/08\/boite-de-rangement-724x1024.webp 724w, https:\/\/lesplacardsdekarine.com\/wp-content\/uploads\/2024\/08\/boite-de-rangement-212x300.webp 212w, https:\/\/lesplacardsdekarine.com\/wp-content\/uploads\/2024\/08\/boite-de-rangement-768x1086.webp 768w, https:\/\/lesplacardsdekarine.com\/wp-content\/uploads\/2024\/08\/boite-de-rangement-1086x1536.webp 1086w, https:\/\/lesplacardsdekarine.com\/wp-content\/uploads\/2024\/08\/boite-de-rangement.webp 1414w\" sizes=\"(max-width: 724px) 100vw, 724px\" \/><\/figure>\n<\/div>\n\n\n\n<div class=\"wp-block-column is-vertically-aligned-center is-layout-flow wp-block-column-is-layout-flow\" style=\"flex-basis:50%\">\n<div style=\"height:20px\" aria-hidden=\"true\" class=\"wp-block-spacer\"><\/div>\n\n\n\n<h2 class=\"wp-block-heading has-text-align-center has-nv-dark-bg-color has-text-color\">Services d&rsquo;O<strong>rganisation Int\u00e9rieure <\/strong><\/h2>\n\n\n\n<p class=\"has-text-align-left has-nv-dark-bg-color has-text-color\" style=\"font-size:17px\">J&rsquo;imagine un espace qui vous ressemble vraiment ! Avec mes <strong>m\u00e9thodes d&rsquo;organisation<\/strong> personnalis\u00e9e, je cr\u00e9e des solutions adapt\u00e9es \u00e0 vos besoins pour rendre votre quotidien plus simple et plaisant. Laissez-moi fa\u00e7onner un <strong>agencement d&rsquo;espaces<\/strong> qui refl\u00e8te vraiment votre personnalit\u00e9 et consultez mes <a href=\"https:\/\/lesplacardsdekarine.com\/index.php\/offres-tarifs\/\" title=\"prestations de services\">prestations de services<\/a>.<\/p>\n<\/div>\n<\/div>\n\n\n\n<div style=\"height:40px\" aria-hidden=\"true\" class=\"wp-block-spacer\"><\/div>\n<\/div><\/div>\n<\/div><\/div>\n\n\n\n<div class=\"wp-block-cover alignfull\" style=\"min-height:600px;aspect-ratio:unset;\"><span aria-hidden=\"true\" class=\"wp-block-cover__background has-nv-site-bg-background-color has-background-dim-100 has-background-dim\"><\/span><div class=\"wp-block-cover__inner-container is-layout-flow wp-block-cover-is-layout-flow\">\n<div class=\"wp-block-group\"><div class=\"wp-block-group__inner-container is-layout-flow wp-block-group-is-layout-flow\">\n<div style=\"height:39px\" aria-hidden=\"true\" class=\"wp-block-spacer\"><\/div>\n\n\n\n<div class=\"wp-block-columns are-vertically-aligned-center is-layout-flex wp-container-core-columns-is-layout-2 wp-block-columns-is-layout-flex\">\n<div class=\"wp-block-column is-vertically-aligned-center is-layout-flow wp-block-column-is-layout-flow\" style=\"flex-basis:50%\">\n<div style=\"height:40px\" aria-hidden=\"true\" class=\"wp-block-spacer\"><\/div>\n\n\n\n<h2 class=\"wp-block-heading has-text-align-left has-neve-text-color-color has-text-color\"><strong>Optimisation Des Espace<\/strong>s<\/h2>\n\n\n\n<p class=\"has-text-align-left has-neve-text-color-color has-text-color\" style=\"font-size:17px\">Je rends chaque coin utile avec mon expertise pour maximiser l&rsquo;espace. Je trouve des solutions adapt\u00e9es \u00e0 votre environnement pour en exploiter tout le potentiel. Optez pour une approche personnalis\u00e9e pour une optimisation efficace.<\/p>\n<\/div>\n\n\n\n<div class=\"wp-block-column is-vertically-aligned-center is-layout-flow wp-block-column-is-layout-flow\" style=\"flex-basis:50%\">\n<figure class=\"wp-block-image size-large\"><img loading=\"lazy\" decoding=\"async\" width=\"724\" height=\"1024\" src=\"http:\/\/lesplacardsdekarine.com\/wp-content\/uploads\/2024\/08\/etagere-rangee-724x1024.webp\" alt=\"Les Placards de Karine - Home Organiser Bordeaux - Organisatrice d'int\u00e9rieur\" class=\"wp-image-839\" srcset=\"https:\/\/lesplacardsdekarine.com\/wp-content\/uploads\/2024\/08\/etagere-rangee-724x1024.webp 724w, https:\/\/lesplacardsdekarine.com\/wp-content\/uploads\/2024\/08\/etagere-rangee-212x300.webp 212w, https:\/\/lesplacardsdekarine.com\/wp-content\/uploads\/2024\/08\/etagere-rangee-768x1086.webp 768w, https:\/\/lesplacardsdekarine.com\/wp-content\/uploads\/2024\/08\/etagere-rangee-1086x1536.webp 1086w, https:\/\/lesplacardsdekarine.com\/wp-content\/uploads\/2024\/08\/etagere-rangee.webp 1414w\" sizes=\"(max-width: 724px) 100vw, 724px\" \/><\/figure>\n<\/div>\n<\/div>\n\n\n\n<div style=\"height:40px\" aria-hidden=\"true\" class=\"wp-block-spacer\"><\/div>\n<\/div><\/div>\n<\/div><\/div>\n\n\n\n<div class=\"wp-block-cover alignfull\" style=\"min-height:600px;aspect-ratio:unset;\"><span aria-hidden=\"true\" class=\"wp-block-cover__background has-nv-text-dark-bg-background-color has-background-dim-100 has-background-dim\"><\/span><div class=\"wp-block-cover__inner-container is-layout-flow wp-block-cover-is-layout-flow\">\n<div class=\"wp-block-group\"><div class=\"wp-block-group__inner-container is-layout-flow wp-block-group-is-layout-flow\">\n<div style=\"height:80px\" aria-hidden=\"true\" class=\"wp-block-spacer\"><\/div>\n\n\n\n<div class=\"wp-block-columns are-vertically-aligned-center has-neve-text-color-color has-nv-text-dark-bg-background-color has-text-color has-background has-link-color wp-elements-7fc866dda3115ac7e1d4aab9b34f015e is-layout-flex wp-container-core-columns-is-layout-3 wp-block-columns-is-layout-flex\">\n<div class=\"wp-block-column is-vertically-aligned-center is-layout-flow wp-block-column-is-layout-flow\" style=\"flex-basis:50%\">\n<figure class=\"wp-block-image size-large\"><img loading=\"lazy\" decoding=\"async\" width=\"724\" height=\"1024\" src=\"http:\/\/lesplacardsdekarine.com\/wp-content\/uploads\/2024\/08\/espace-organise-1-724x1024.webp\" alt=\"Les Placards de Karine - Home Organiser Bordeaux - Organisatrice d'int\u00e9rieur\" class=\"wp-image-844\" srcset=\"https:\/\/lesplacardsdekarine.com\/wp-content\/uploads\/2024\/08\/espace-organise-1-724x1024.webp 724w, https:\/\/lesplacardsdekarine.com\/wp-content\/uploads\/2024\/08\/espace-organise-1-212x300.webp 212w, https:\/\/lesplacardsdekarine.com\/wp-content\/uploads\/2024\/08\/espace-organise-1-768x1086.webp 768w, https:\/\/lesplacardsdekarine.com\/wp-content\/uploads\/2024\/08\/espace-organise-1-1086x1536.webp 1086w, https:\/\/lesplacardsdekarine.com\/wp-content\/uploads\/2024\/08\/espace-organise-1.webp 1414w\" sizes=\"(max-width: 724px) 100vw, 724px\" \/><\/figure>\n<\/div>\n\n\n\n<div class=\"wp-block-column is-vertically-aligned-center is-layout-flow wp-block-column-is-layout-flow\" style=\"flex-basis:50%\">\n<div style=\"height:40px\" aria-hidden=\"true\" class=\"wp-block-spacer\"><\/div>\n\n\n\n<h2 class=\"wp-block-heading has-text-align-left has-neve-text-color-color has-text-color\"><strong><strong>Harmonie int\u00e9rieure<\/strong><\/strong><\/h2>\n\n\n\n<p class=\"has-text-align-left has-neve-text-color-color has-text-color\" style=\"font-size:17px\">Je cr\u00e9e une harmonie int\u00e9rieure en optimisant l&rsquo;espace. Ensemble, trouvons des solutions adapt\u00e9es pour une atmosph\u00e8re \u00e9quilibr\u00e9e. Choisissez une approche personnalis\u00e9e pour rendre votre int\u00e9rieur parfaitement harmonieux.<\/p>\n<\/div>\n<\/div>\n\n\n\n<div style=\"height:35px\" aria-hidden=\"true\" class=\"wp-block-spacer\"><\/div>\n<\/div><\/div>\n<\/div><\/div>\n\n\n\n<div class=\"wp-block-cover alignfull\" style=\"min-height:600px;aspect-ratio:unset;\"><span aria-hidden=\"true\" class=\"wp-block-cover__background has-nv-site-bg-background-color has-background-dim-100 has-background-dim\"><\/span><div class=\"wp-block-cover__inner-container is-layout-flow wp-block-cover-is-layout-flow\">\n<div class=\"wp-block-group\"><div class=\"wp-block-group__inner-container is-layout-flow wp-block-group-is-layout-flow\">\n<div style=\"height:36px\" aria-hidden=\"true\" class=\"wp-block-spacer\"><\/div>\n\n\n\n<h2 class=\"wp-block-heading has-text-align-center has-neve-text-color-color has-text-color\"><strong>TRIER &#8211; RANGER &#8211; ORGANISER<\/strong><\/h2>\n\n\n\n<div style=\"height:20px\" aria-hidden=\"true\" class=\"wp-block-spacer\"><\/div>\n\n\n\n<div class=\"wp-block-columns are-vertically-aligned-center is-layout-flex wp-container-core-columns-is-layout-4 wp-block-columns-is-layout-flex\">\n<div class=\"wp-block-column is-vertically-aligned-center is-layout-flow wp-block-column-is-layout-flow\" style=\"flex-basis:50%\">\n<figure class=\"wp-block-image size-large\"><img loading=\"lazy\" decoding=\"async\" width=\"724\" height=\"1024\" src=\"https:\/\/lesplacardsdekarine.com\/wp-content\/uploads\/2024\/01\/image-site3-724x1024.png\" alt=\"\" class=\"wp-image-329\" srcset=\"https:\/\/lesplacardsdekarine.com\/wp-content\/uploads\/2024\/01\/image-site3-724x1024.png 724w, https:\/\/lesplacardsdekarine.com\/wp-content\/uploads\/2024\/01\/image-site3-212x300.png 212w, https:\/\/lesplacardsdekarine.com\/wp-content\/uploads\/2024\/01\/image-site3-768x1086.png 768w, https:\/\/lesplacardsdekarine.com\/wp-content\/uploads\/2024\/01\/image-site3-1086x1536.png 1086w, https:\/\/lesplacardsdekarine.com\/wp-content\/uploads\/2024\/01\/image-site3.png 1414w\" sizes=\"(max-width: 724px) 100vw, 724px\" \/><\/figure>\n\n\n\n<div style=\"height:40px\" aria-hidden=\"true\" class=\"wp-block-spacer\"><\/div>\n<\/div>\n\n\n\n<div class=\"wp-block-column is-vertically-aligned-center is-layout-flow wp-block-column-is-layout-flow\" style=\"flex-basis:50%\">\n<figure class=\"wp-block-image size-large\"><img loading=\"lazy\" decoding=\"async\" width=\"724\" height=\"1024\" src=\"https:\/\/lesplacardsdekarine.com\/wp-content\/uploads\/2024\/01\/image-site2-724x1024.png\" alt=\"\" class=\"wp-image-330\" srcset=\"https:\/\/lesplacardsdekarine.com\/wp-content\/uploads\/2024\/01\/image-site2-724x1024.png 724w, https:\/\/lesplacardsdekarine.com\/wp-content\/uploads\/2024\/01\/image-site2-212x300.png 212w, https:\/\/lesplacardsdekarine.com\/wp-content\/uploads\/2024\/01\/image-site2-768x1086.png 768w, https:\/\/lesplacardsdekarine.com\/wp-content\/uploads\/2024\/01\/image-site2-1086x1536.png 1086w, https:\/\/lesplacardsdekarine.com\/wp-content\/uploads\/2024\/01\/image-site2.png 1414w\" sizes=\"(max-width: 724px) 100vw, 724px\" \/><\/figure>\n\n\n\n<div style=\"height:40px\" aria-hidden=\"true\" class=\"wp-block-spacer\"><\/div>\n<\/div>\n<\/div>\n<\/div><\/div>\n<\/div><\/div>\n\n\n\n<div class=\"wp-block-cover alignfull\" style=\"min-height:242px;aspect-ratio:unset;\"><span aria-hidden=\"true\" class=\"wp-block-cover__background has-nv-dark-bg-background-color has-background-dim-100 has-background-dim\"><\/span><div class=\"wp-block-cover__inner-container is-layout-flow wp-block-cover-is-layout-flow\">\n<h2 class=\"wp-block-heading has-text-align-center has-nv-text-dark-bg-color has-text-color\">Les placards de Karine<\/h2>\n\n\n\n<p class=\"has-text-align-center has-nv-site-bg-color has-text-color has-link-color wp-elements-d8483e120b9664bbdc5afb22f5cc7316\">lesplacardsdekarine@gmail.com<\/p>\n\n\n\n<div class=\"wp-block-buttons is-horizontal is-content-justification-center is-layout-flex wp-container-core-buttons-is-layout-1 wp-block-buttons-is-layout-flex\">\n<div class=\"wp-block-button is-style-primary\"><a class=\"wp-block-button__link wp-element-button\" href=\"https:\/\/lesplacardsdekarine.com\/index.php\/contact\/\">Contact<\/a><\/div>\n<\/div>\n<\/div><\/div>\n","protected":false},"excerpt":{"rendered":"","protected":false},"author":1,"featured_media":0,"parent":0,"menu_order":0,"comment_status":"closed","ping_status":"closed","template":"","meta":{"om_disable_all_campaigns":false,"_monsterinsights_skip_tracking":false,"_monsterinsights_sitenote_active":false,"_monsterinsights_sitenote_note":"","_monsterinsights_sitenote_category":0,"neve_meta_sidebar":"default","neve_meta_container":"default","neve_meta_enable_content_width":"on","neve_meta_content_width":100,"neve_meta_title_alignment":"","neve_meta_author_avatar":"","neve_post_elements_order":"","neve_meta_disable_header":"off","neve_meta_disable_footer":"off","neve_meta_disable_title":"on","_themeisle_gutenberg_block_has_review":false,"footnotes":""},"class_list":["post-308","page","type-page","status-publish","hentry"],"aioseo_notices":[],"_links":{"self":[{"href":"https:\/\/lesplacardsdekarine.com\/index.php\/wp-json\/wp\/v2\/pages\/308"}],"collection":[{"href":"https:\/\/lesplacardsdekarine.com\/index.php\/wp-json\/wp\/v2\/pages"}],"about":[{"href":"https:\/\/lesplacardsdekarine.com\/index.php\/wp-json\/wp\/v2\/types\/page"}],"author":[{"embeddable":true,"href":"https:\/\/lesplacardsdekarine.com\/index.php\/wp-json\/wp\/v2\/users\/1"}],"replies":[{"embeddable":true,"href":"https:\/\/lesplacardsdekarine.com\/index.php\/wp-json\/wp\/v2\/comments?post=308"}],"version-history":[{"count":52,"href":"https:\/\/lesplacardsdekarine.com\/index.php\/wp-json\/wp\/v2\/pages\/308\/revisions"}],"predecessor-version":[{"id":860,"href":"https:\/\/lesplacardsdekarine.com\/index.php\/wp-json\/wp\/v2\/pages\/308\/revisions\/860"}],"wp:attachment":[{"href":"https:\/\/lesplacardsdekarine.com\/index.php\/wp-json\/wp\/v2\/media?parent=308"}],"curies":[{"name":"wp","href":"https:\/\/api.w.org\/{rel}","templated":true}]}}